{"id":8479,"date":"2025-07-03T12:00:47","date_gmt":"2025-07-03T12:00:47","guid":{"rendered":"https:\/\/prod.zbt.compositas.io\/?page_id=8479"},"modified":"2025-07-10T13:27:11","modified_gmt":"2025-07-10T13:27:11","slug":"publikationen-patente","status":"publish","type":"page","link":"https:\/\/zbt.de\/en\/aktuelles\/publikationen-wasserstoff-brennstoffzellen-elektrolyse\/publikationen-patente\/","title":{"rendered":"Publikationen: Patente"},"content":{"rendered":"<section class=\"intro\">\n    <figure class=\"intro__figure\">\n                              <img loading=\"lazy\" decoding=\"async\" width=\"400\" height=\"1200\" src=\"https:\/\/zbt.de\/app\/uploads\/2025\/02\/blau_400x1200.png\" class=\"intro__image\" alt=\"Graphic element featuring white line art on a blue background\" srcset=\"https:\/\/zbt.de\/app\/uploads\/2025\/02\/blau_400x1200.png 400w, https:\/\/zbt.de\/app\/uploads\/2025\/02\/blau_400x1200-100x300.png 100w, https:\/\/zbt.de\/app\/uploads\/2025\/02\/blau_400x1200-341x1024.png 341w\" sizes=\"auto, (max-width: 400px) 100vw, 400px\" \/>\n        <div class=\"intro__overlay intro__overlay--transparent\">\n                    <\/div>\n            <\/figure>\n    <div class=\"intro__content\">\n        <h1 class=\"intro__heading\">Patente \/ patents<\/h1>\n        <h4 class=\"intro__subheading\"><\/h4>\n        <div class=\"intro__text\"><\/div>\n            <\/div>\n<\/section>\n\n\n<section class=\"text-teaser text-teaser--white\">\n  <h2 class=\"text-teaser__heading\"><\/h2>\n  <div class=\"text-teaser__text\"><p><b>Titel des Patents \/ der Offenlegungsschrift (Title of patent)<br \/>\nAnmelder (author)<br \/>\nPublikationsdaten (publication)<\/b><\/p>\n<ul>\n<li><i>Verfahren zur Herstellung katalytischer Schichten mit Materialgradienten senkrecht zur Schichtebene<\/i><br \/>\nN\u00fcrenberg, Willert, Zeiner<br \/>\n<a href=\"https:\/\/patents.google.com\/patent\/DE102022213398A1\" target=\"_blank\" rel=\"noopener\" data-htmlarea-external=\"1\">DE102022213398A1<\/a> 09.12.2022<\/li>\n<li><i>Test-Brennstoffzellen-Polplattenpaar<\/i><br \/>\nZBT GmbH<br \/>\n<a class=\"external-link-new-window\" title=\"Opens external link in new window\" href=\"https:\/\/worldwide.espacenet.com\/publicationDetails\/biblio?FT=D&amp;date=20160426&amp;DB=EPODOC&amp;locale=de_EP&amp;CC=DE&amp;NR=202016102056U1&amp;KC=U1&amp;ND=4\" target=\"_blank\" rel=\"noopener\" data-htmlarea-external=\"1\">DE202016102056 (U1)<\/a> 20.04.201<\/li>\n<li><i>METHOD FOR MECHANICAL STABILIZATION OF POLYBENZIMIDAZOLES AND ION-CONDUCTIVE MEMBRANES THEREFROM<\/i><br \/>\nH. Penchev, F. Ublekov, I. Radev, V.Peinecke<br \/>\n<a class=\"external-link-new-window\" title=\"Opens external link in new window\" href=\"https:\/\/data.epo.org\/publication-server\/rest\/v1.0\/publication-dates\/20200902\/patents\/EP3703166NWA1\/document.pdf\" target=\"_blank\" rel=\"noopener\" data-htmlarea-external=\"1\">EP 3 703 166 A1<\/a> 02.09.2020<\/li>\n<li><i>VERFAHREN ZUM BETREIBEN EINES BRENNSTOFFZELLENSYSTEMS SOWIE BRENNSTOFFZELLENSYSTEM (METHOD FOR OPERATING A FUEL CELL SYSTEM AND A FUEL CELL SYSTEM)<\/i><br \/>\nS. G\u00f6ssling, R. Savelsberg, M. Wick<br \/>\n<a href=\"https:\/\/worldwide.espacenet.com\/publicationDetails\/biblio?FT=D&amp;date=20160728&amp;DB=EPODOC&amp;locale=de_EP&amp;CC=WO&amp;NR=2016116185A1&amp;KC=A1&amp;ND=4\" target=\"_blank\" rel=\"noopener\" data-htmlarea-external=\"1\">WO2016116185\u00a0(A1)<\/a> 28.07.2016<\/li>\n<li>Dang, T., Gies, S., Beckhaus, P., K\u00fchnemann, L., Kouachi, M., Tekkaya, A. E., Verfahren und Vorrichtung zur inkrementellen Form\u00e4nderung von d\u00fcnnwandigen Werkst\u00fccken, insbesondere Blechwerkst\u00fccken<br \/>\n<a href=\"https:\/\/worldwide.espacenet.com\/publicationDetails\/biblio?II=0&amp;ND=3&amp;adjacent=true&amp;locale=de_EP&amp;FT=D&amp;date=20171005&amp;CC=DE&amp;NR=102016003840A1&amp;KC=A1\" target=\"_blank\" rel=\"noopener\" data-htmlarea-external=\"1\">DE102016003840<\/a> 30.03.2016<\/li>\n<li><i>Kathodenplatte eines Bipolarelements und Verfahren zum Betreiben einer solchen Kathodenplatte<\/i><br \/>\nS. G\u00f6ssling<br \/>\n<a class=\"external-link-new-window\" title=\"Opens external link in new window\" href=\"https:\/\/worldwide.espacenet.com\/publicationDetails\/biblio?FT=D&amp;date=20151105&amp;DB=EPODOC&amp;locale=de_EP&amp;CC=DE&amp;NR=102015100704B3&amp;KC=B3&amp;ND=4\" target=\"_blank\" rel=\"noopener\" data-htmlarea-external=\"1\">DE102015100704 (B3)<\/a> 05.11.2015<\/li>\n<li><i>KATHODENPLATTE EINES BIPOLARELEMENTS UND VERFAHREN ZUM BETREIBEN EINER SOLCHEN KATHODENPLATTE (CATHODE PLATE OF A BIPOLAR ELEMENT AND METHOD FOR OPERATING SUCH A CATHODE PLATE)<\/i><br \/>\nS. G\u00f6\u00dfling<br \/>\n<a class=\"external-link-new-window\" title=\"Opens external link in new window\" href=\"https:\/\/worldwide.espacenet.com\/publicationDetails\/biblio?FT=D&amp;date=20180116&amp;DB=&amp;locale=de_EP&amp;CC=CN&amp;NR=107592945A&amp;KC=A&amp;ND=4\" target=\"_blank\" rel=\"noopener\" data-htmlarea-external=\"1\">CN107592945 (A)<\/a> 16.01.2018<\/li>\n<li><i>Bipolarhalbschale einer Bipolarplatte f\u00fcr Brennstoffzellen oder Elektrolyseurstacks <\/i><br \/>\nT. Gr\u00e4bener GmbH &amp; Co. KG, ZBT GmbH<br \/>\n<a class=\"external-link-new-window\" title=\"Opens external link in new window\" href=\"https:\/\/worldwide.espacenet.com\/publicationDetails\/biblio?FT=D&amp;date=20140804&amp;DB=EPODOC&amp;locale=de_EP&amp;CC=DE&amp;NR=202013003969U1&amp;KC=U1&amp;ND=4\" target=\"_blank\" rel=\"noopener\" data-htmlarea-external=\"1\">DE 202013003969<\/a> 29.04.2013<\/li>\n<li><i>Verwendung von mesopor\u00f6sen graphitischen Teilchen f\u00fcr elektrochemische Anwendungen (Highly sinter-stable metal nanoparticles supported on mesoporous graphitic particles and their use)<\/i><br \/>\nMayrhofer, Meier, Nunez Galeano, V. Peinecke, Sch\u00fcth<br \/>\n<a class=\"external-link-new-window\" title=\"Opens external link in new window\" href=\"https:\/\/worldwide.espacenet.com\/publicationDetails\/biblio?FT=D&amp;date=20130808&amp;DB=EPODOC&amp;locale=de_EP&amp;CC=DE&amp;NR=102012102120A1&amp;KC=A1&amp;ND=4\" target=\"_blank\" rel=\"noopener\" data-htmlarea-external=\"1\">DE 102012102120<\/a> 13.03.2012<\/li>\n<li><i>Formteil aus wenigstens zwei Teilelementen und Verfahren sowie Vorrichtung zu seiner Herstellung (Mold part for producing highly conductive articles, comprises two part elements from electrical conductive composite material that consists of plastic and electrical conductive filler, where graphite is used as filler)<\/i><br \/>\nS. Brokamp, C. Kreuz<br \/>\n<a class=\"external-link-new-window\" title=\"Opens external link in new window\" href=\"https:\/\/worldwide.espacenet.com\/publicationDetails\/biblio?FT=D&amp;date=20101028&amp;DB=EPODOC&amp;locale=de_EP&amp;CC=DE&amp;NR=102009018527A1&amp;KC=A1&amp;ND=4\" target=\"_blank\" rel=\"noopener\" data-htmlarea-external=\"1\">DE102009018527<\/a> 24.04.2009<\/li>\n<li>T<i>emperaturgef\u00fchrter Reaktor zur Kohlenmonoxidreinigung (Tempering device for cooling and\/or heating an annular gap-reactor for cleaning carbon monoxide gas mixture, comprises a burner device subjected with a combustible fluid and\/or cooling fluid)<\/i><br \/>\nC. Spitta, M. Dokupil, J. Mathiak<br \/>\n<a class=\"external-link-new-window\" title=\"Opens external link in new window\" href=\"https:\/\/worldwide.espacenet.com\/publicationDetails\/biblio?FT=D&amp;date=20071025&amp;DB=EPODOC&amp;locale=de_EP&amp;CC=DE&amp;NR=102006019407A1&amp;KC=A1&amp;ND=4\" target=\"_blank\" rel=\"noopener\" data-htmlarea-external=\"1\">DE 102006019407<\/a> 22.10.2009<\/li>\n<li><i>Formk\u00f6rper aus hochleitf\u00e4higer Formmasse (Molded body made of highly conductive molding mass that contains a plastic and a filler incorporated into the plastic, useful as sealing including ring, bracelet and rubber gasket, as bipolar plate for an electrochemical cell, and as pipe)<\/i><br \/>\nP. Beckhaus, T. Derieth, V. Kniep<br \/>\n<a class=\"external-link-new-window\" title=\"Opens external link in new window\" href=\"https:\/\/worldwide.espacenet.com\/publicationDetails\/biblio?FT=D&amp;date=20110505&amp;DB=EPODOC&amp;locale=de_EP&amp;CC=DE&amp;NR=102009051434A1&amp;KC=A1&amp;ND=4\" target=\"_blank\" rel=\"noopener\" data-htmlarea-external=\"1\">DE102009051434<\/a> 30.10.2009<\/li>\n<li><i>Selektiver Oxidations-Reaktor zur Kohlenmonoxidfeinreinigung (Selective oxidation-reactor for purification of carbon monoxide from gas mixture, comprises first- and second tube guiding cooling agent, third tube arranged between first and second tubes, fourth tube and holding device locking four tubes)<\/i><br \/>\nH. Beyer, J. Mathiak<br \/>\n<a class=\"external-link-new-window\" title=\"Opens external link in new window\" href=\"https:\/\/worldwide.espacenet.com\/publicationDetails\/biblio?FT=D&amp;date=20071025&amp;DB=EPODOC&amp;locale=de_EP&amp;CC=DE&amp;NR=102006019406A1&amp;KC=A1&amp;ND=4\" target=\"_blank\" rel=\"noopener\" data-htmlarea-external=\"1\">DE102006019406B4<\/a> 24.07.2008<\/li>\n<li><i>Brennstoffzellen-Bipolarplatte bzw. Bipolarhalbplatte auf Basis segmentierter elektrischer Durchkontaktierungen\u00a0 (Fuel cell bipolar plate and\/or bipolar half plate for gas supply of membrane electrode unit, has electrical through connection realized perpendicular to plate over segmented conductive paths, which are covered by photoresist structures)<br \/>\nP. Helm<\/i><br \/>\n<a class=\"external-link-new-window\" title=\"Opens external link in new window\" href=\"https:\/\/worldwide.espacenet.com\/publicationDetails\/biblio?FT=D&amp;date=20090326&amp;DB=EPODOC&amp;locale=de_EP&amp;CC=DE&amp;NR=102007044378A1&amp;KC=A1&amp;ND=4\" target=\"_blank\" rel=\"noopener\" data-htmlarea-external=\"1\">DE102007044378<\/a> 17.09.2007<\/li>\n<li><i>Metallische Bipolarplatte mit nanostrukturierter Beschichtung aus tern\u00e4rer Keramik f\u00fcr eine Brennstoffzelle (Metallic bipolar plate with nanostructured coating of ternary ceramic material for fuel cell)<\/i><br \/>\nA. Heinzel, Buck<br \/>\n<a class=\"external-link-new-window\" title=\"Opens external link in new window\" href=\"https:\/\/worldwide.espacenet.com\/publicationDetails\/biblio?FT=D&amp;date=20081008&amp;DB=EPODOC&amp;locale=de_EP&amp;CC=EP&amp;NR=1978583A1&amp;KC=A1&amp;ND=4\" target=\"_blank\" rel=\"noopener\" data-htmlarea-external=\"1\">EP1978583<\/a> 12.04.2007<\/li>\n<li><i>Reformer und Verfahren zum Betrieb des Reformers (Reformer-reactor for reforming hydrocarbon-containing educt fluids to hydrogen-containing product fluid, comprises a burner device and a reformer-reaction chamber, which are arranged coaxially and thermally coupled)<\/i><br \/>\nM. Dokupil, J. Mathiak, C. Spitta<br \/>\n<a class=\"external-link-new-window\" title=\"Opens external link in new window\" href=\"https:\/\/worldwide.espacenet.com\/publicationDetails\/biblio?FT=D&amp;date=20071025&amp;DB=EPODOC&amp;locale=de_EP&amp;CC=DE&amp;NR=102006019409A1&amp;KC=A1&amp;ND=4\" target=\"_blank\" rel=\"noopener\" data-htmlarea-external=\"1\">DE102006019409B4<\/a> 24.06.2006<\/li>\n<li><i>Verfahren zum Aufheizen einer Katalysatorstufe sowie Vorrichtung zum Durchf\u00fchren des Verfahrens (Heating of a catalyst stage mounted downstream of a reformer, comprises feeding of air as heat transfer medium into the reformer through supply line, heating the fed medium by heater and thermally coupling the heated up medium in the stage) <\/i><br \/>\nKalk, J. Mathiak<br \/>\n<a class=\"external-link-new-window\" title=\"Opens external link in new window\" href=\"https:\/\/worldwide.espacenet.com\/publicationDetails\/biblio?FT=D&amp;date=20071129&amp;DB=EPODOC&amp;locale=de_EP&amp;CC=DE&amp;NR=102006039039A1&amp;KC=A1&amp;ND=4\" target=\"_blank\" rel=\"noopener\" data-htmlarea-external=\"1\">DE102006039039<\/a> 19.08.2006<\/li>\n<li><i>Anschlusseinheit f\u00fcr einen Brennstoffzellenstapel (Fuel cell stack connecting device, has cladding tube projecting outwards over pipe such that outer side of gas inlet pipe or gas outlet pipe is brought in attachment at sealant ring that is arranged at inner side of classing pipe)<\/i><br \/>\nF. Filusch, S. Souzani<br \/>\n<a class=\"external-link-new-window\" title=\"Opens external link in new window\" href=\"https:\/\/worldwide.espacenet.com\/publicationDetails\/biblio?FT=D&amp;date=20080515&amp;DB=EPODOC&amp;locale=de_EP&amp;CC=DE&amp;NR=102006052531A1&amp;KC=A1&amp;ND=4\" target=\"_blank\" rel=\"noopener\" data-htmlarea-external=\"1\">DE102006052531B4<\/a> 06.11.2006<\/li>\n<li><i>Brennstoffzellendichtung (High temperature proton exchange membrane fuel cell for use in fuel cell stack, has seal with polytetrafluoroethylene foil coated on side with high temperature silicone or polyorganosiloxane preferably acetoxy-silicone in elongated manner)<\/i><br \/>\nJ. Burfeind, R. Bartholom\u00e4us<br \/>\n<a class=\"external-link-new-window\" title=\"Opens external link in new window\" href=\"https:\/\/worldwide.espacenet.com\/publicationDetails\/biblio?FT=D&amp;date=20080515&amp;DB=EPODOC&amp;locale=de_EP&amp;CC=DE&amp;NR=102006052533A1&amp;KC=A1&amp;ND=4\" target=\"_blank\" rel=\"noopener\" data-htmlarea-external=\"1\">DE 102006052533<\/a> 06.11.2006<\/li>\n<li><i>Brennstoffzellenstapel (High temperature proton exchange membrane fuel cell stack, has mono polar plate with cooling channels arranged such that channels reside at side away from plate, and mono polar plate without channels arranged at external bipolar plates)<\/i><br \/>\nG. Bandlamudi, P. Beckhaus<br \/>\n<a class=\"external-link-new-window\" title=\"Opens external link in new window\" href=\"https:\/\/worldwide.espacenet.com\/publicationDetails\/biblio?FT=D&amp;date=20080515&amp;DB=EPODOC&amp;locale=de_EP&amp;CC=DE&amp;NR=102006052532A1&amp;KC=A1&amp;ND=5\" target=\"_blank\" rel=\"noopener\" data-htmlarea-external=\"1\">DE 102006052532<\/a> 06.11.2006<\/li>\n<li><i>Polarplatte (Mono polar plate for fuel cell, has conductor connection formed by pipe-shaped channel i.e. borehole, that is formed in plate body and is guided by openings at channel-shaped grooves, where inlet pipe and grooves are provided in connection)<\/i><br \/>\nJ. Burfeind, F. Filusch<br \/>\n<a class=\"external-link-new-window\" title=\"Opens external link in new window\" href=\"https:\/\/worldwide.espacenet.com\/publicationDetails\/biblio?FT=D&amp;date=20080508&amp;DB=EPODOC&amp;locale=de_EP&amp;CC=DE&amp;NR=102006052530A1&amp;KC=A1&amp;ND=4\" target=\"_blank\" rel=\"noopener\" data-htmlarea-external=\"1\">DE102006052530<\/a> 06.11.2006<\/li>\n<li><i>Hocheffiziente, kompakte Reformereinheit zur Wasserstofferzeugung aus gasf\u00f6rmigen Kohlenwasserstoffen im kleinen Leistungsbereich (COMPACT REFORMER UNIT IN THE LOW PERFORMANCE RANGE, FOR PRODUCING HYDROGEN FROM GASEOUS HYDROCARBONS)<br \/>\n<\/i>F. Mahlendorf, J. Roes, J. Mathiak<br \/>\n<a class=\"external-link-new-window\" title=\"Opens external link in new window\" href=\"https:\/\/worldwide.espacenet.com\/publicationDetails\/biblio?FT=D&amp;date=20030327&amp;DB=EPODOC&amp;locale=de_EP&amp;CC=DE&amp;NR=10142999A1&amp;KC=A1&amp;ND=4\" target=\"_blank\" rel=\"noopener\" data-htmlarea-external=\"1\">DE10142999<\/a> 03.09.2001 (CA2459429A1, CA2459429C, DE10142999B4, DE50209935D1, EP1425244A1, EP1425244B1, US7803202, US20060188434, WO2003024867A1)<br \/>\n03.09.2001<\/li>\n<\/ul>\n<p><!--more--><\/p>\n<\/div>\n<\/section>\n","protected":false},"excerpt":{"rendered":"","protected":false},"author":7,"featured_media":0,"parent":793,"menu_order":0,"comment_status":"closed","ping_status":"closed","template":"","meta":{"_acf_changed":false,"inline_featured_image":false,"footnotes":""},"class_list":["post-8479","page","type-page","status-publish","hentry"],"acf":[],"yoast_head":"<!-- This site is optimized with the Yoast SEO plugin v24.3 - https:\/\/yoast.com\/wordpress\/plugins\/seo\/ -->\n<title>Publikationen: Patente - Zentrum f\u00fcr BrennstoffzellenTechnik GmbH<\/title>\n<meta name=\"robots\" content=\"index, follow, max-snippet:-1, max-image-preview:large, max-video-preview:-1\" \/>\n<link rel=\"canonical\" href=\"https:\/\/zbt.de\/aktuelles\/publikationen-wasserstoff-brennstoffzellen-elektrolyse\/publikationen-patente\/\" \/>\n<meta property=\"og:locale\" content=\"en_GB\" \/>\n<meta property=\"og:type\" content=\"article\" \/>\n<meta property=\"og:title\" content=\"Publikationen: Patente - Zentrum f\u00fcr BrennstoffzellenTechnik GmbH\" \/>\n<meta property=\"og:url\" content=\"https:\/\/zbt.de\/aktuelles\/publikationen-wasserstoff-brennstoffzellen-elektrolyse\/publikationen-patente\/\" \/>\n<meta property=\"og:site_name\" content=\"Zentrum f\u00fcr BrennstoffzellenTechnik GmbH\" \/>\n<meta property=\"article:modified_time\" content=\"2025-07-10T13:27:11+00:00\" \/>\n<meta name=\"twitter:card\" content=\"summary_large_image\" \/>\n<meta name=\"twitter:label1\" content=\"Est. reading time\" \/>\n\t<meta name=\"twitter:data1\" content=\"5 minutes\" \/>\n<script type=\"application\/ld+json\" class=\"yoast-schema-graph\">{\"@context\":\"https:\/\/schema.org\",\"@graph\":[{\"@type\":\"WebPage\",\"@id\":\"https:\/\/zbt.de\/aktuelles\/publikationen-wasserstoff-brennstoffzellen-elektrolyse\/publikationen-patente\/\",\"url\":\"https:\/\/zbt.de\/aktuelles\/publikationen-wasserstoff-brennstoffzellen-elektrolyse\/publikationen-patente\/\",\"name\":\"Publikationen: Patente - Zentrum f\u00fcr BrennstoffzellenTechnik GmbH\",\"isPartOf\":{\"@id\":\"https:\/\/zbt.de\/#website\"},\"datePublished\":\"2025-07-03T12:00:47+00:00\",\"dateModified\":\"2025-07-10T13:27:11+00:00\",\"breadcrumb\":{\"@id\":\"https:\/\/zbt.de\/aktuelles\/publikationen-wasserstoff-brennstoffzellen-elektrolyse\/publikationen-patente\/#breadcrumb\"},\"inLanguage\":\"en-GB\",\"potentialAction\":[{\"@type\":\"ReadAction\",\"target\":[\"https:\/\/zbt.de\/aktuelles\/publikationen-wasserstoff-brennstoffzellen-elektrolyse\/publikationen-patente\/\"]}]},{\"@type\":\"BreadcrumbList\",\"@id\":\"https:\/\/zbt.de\/aktuelles\/publikationen-wasserstoff-brennstoffzellen-elektrolyse\/publikationen-patente\/#breadcrumb\",\"itemListElement\":[{\"@type\":\"ListItem\",\"position\":1,\"name\":\"Home\",\"item\":\"https:\/\/zbt.de\/en\/\"},{\"@type\":\"ListItem\",\"position\":2,\"name\":\"Aktuelles\",\"item\":\"https:\/\/zbt.de\/aktuelles\/\"},{\"@type\":\"ListItem\",\"position\":3,\"name\":\"Publikationen\",\"item\":\"https:\/\/zbt.de\/aktuelles\/publikationen-wasserstoff-brennstoffzellen-elektrolyse\/\"},{\"@type\":\"ListItem\",\"position\":4,\"name\":\"Publikationen: Patente\"}]},{\"@type\":\"WebSite\",\"@id\":\"https:\/\/zbt.de\/#website\",\"url\":\"https:\/\/zbt.de\/\",\"name\":\"Zentrum f\u00fcr BrennstoffzellenTechnik GmbH\",\"description\":\"\",\"potentialAction\":[{\"@type\":\"SearchAction\",\"target\":{\"@type\":\"EntryPoint\",\"urlTemplate\":\"https:\/\/zbt.de\/?s={search_term_string}\"},\"query-input\":{\"@type\":\"PropertyValueSpecification\",\"valueRequired\":true,\"valueName\":\"search_term_string\"}}],\"inLanguage\":\"en-GB\"}]}<\/script>\n<!-- \/ Yoast SEO plugin. -->","yoast_head_json":{"title":"Publikationen: Patente - Zentrum f\u00fcr BrennstoffzellenTechnik GmbH","robots":{"index":"index","follow":"follow","max-snippet":"max-snippet:-1","max-image-preview":"max-image-preview:large","max-video-preview":"max-video-preview:-1"},"canonical":"https:\/\/zbt.de\/aktuelles\/publikationen-wasserstoff-brennstoffzellen-elektrolyse\/publikationen-patente\/","og_locale":"en_GB","og_type":"article","og_title":"Publikationen: Patente - Zentrum f\u00fcr BrennstoffzellenTechnik GmbH","og_url":"https:\/\/zbt.de\/aktuelles\/publikationen-wasserstoff-brennstoffzellen-elektrolyse\/publikationen-patente\/","og_site_name":"Zentrum f\u00fcr BrennstoffzellenTechnik GmbH","article_modified_time":"2025-07-10T13:27:11+00:00","twitter_card":"summary_large_image","twitter_misc":{"Est. reading time":"5 minutes"},"schema":{"@context":"https:\/\/schema.org","@graph":[{"@type":"WebPage","@id":"https:\/\/zbt.de\/aktuelles\/publikationen-wasserstoff-brennstoffzellen-elektrolyse\/publikationen-patente\/","url":"https:\/\/zbt.de\/aktuelles\/publikationen-wasserstoff-brennstoffzellen-elektrolyse\/publikationen-patente\/","name":"Publikationen: Patente - Zentrum f\u00fcr BrennstoffzellenTechnik GmbH","isPartOf":{"@id":"https:\/\/zbt.de\/#website"},"datePublished":"2025-07-03T12:00:47+00:00","dateModified":"2025-07-10T13:27:11+00:00","breadcrumb":{"@id":"https:\/\/zbt.de\/aktuelles\/publikationen-wasserstoff-brennstoffzellen-elektrolyse\/publikationen-patente\/#breadcrumb"},"inLanguage":"en-GB","potentialAction":[{"@type":"ReadAction","target":["https:\/\/zbt.de\/aktuelles\/publikationen-wasserstoff-brennstoffzellen-elektrolyse\/publikationen-patente\/"]}]},{"@type":"BreadcrumbList","@id":"https:\/\/zbt.de\/aktuelles\/publikationen-wasserstoff-brennstoffzellen-elektrolyse\/publikationen-patente\/#breadcrumb","itemListElement":[{"@type":"ListItem","position":1,"name":"Home","item":"https:\/\/zbt.de\/en\/"},{"@type":"ListItem","position":2,"name":"Aktuelles","item":"https:\/\/zbt.de\/aktuelles\/"},{"@type":"ListItem","position":3,"name":"Publikationen","item":"https:\/\/zbt.de\/aktuelles\/publikationen-wasserstoff-brennstoffzellen-elektrolyse\/"},{"@type":"ListItem","position":4,"name":"Publikationen: Patente"}]},{"@type":"WebSite","@id":"https:\/\/zbt.de\/#website","url":"https:\/\/zbt.de\/","name":"Zentrum f\u00fcr BrennstoffzellenTechnik GmbH","description":"","potentialAction":[{"@type":"SearchAction","target":{"@type":"EntryPoint","urlTemplate":"https:\/\/zbt.de\/?s={search_term_string}"},"query-input":{"@type":"PropertyValueSpecification","valueRequired":true,"valueName":"search_term_string"}}],"inLanguage":"en-GB"}]}},"_links":{"self":[{"href":"https:\/\/zbt.de\/en\/wp-json\/wp\/v2\/pages\/8479","targetHints":{"allow":["GET"]}}],"collection":[{"href":"https:\/\/zbt.de\/en\/wp-json\/wp\/v2\/pages"}],"about":[{"href":"https:\/\/zbt.de\/en\/wp-json\/wp\/v2\/types\/page"}],"author":[{"embeddable":true,"href":"https:\/\/zbt.de\/en\/wp-json\/wp\/v2\/users\/7"}],"replies":[{"embeddable":true,"href":"https:\/\/zbt.de\/en\/wp-json\/wp\/v2\/comments?post=8479"}],"version-history":[{"count":4,"href":"https:\/\/zbt.de\/en\/wp-json\/wp\/v2\/pages\/8479\/revisions"}],"predecessor-version":[{"id":8870,"href":"https:\/\/zbt.de\/en\/wp-json\/wp\/v2\/pages\/8479\/revisions\/8870"}],"up":[{"embeddable":true,"href":"https:\/\/zbt.de\/en\/wp-json\/wp\/v2\/pages\/793"}],"wp:attachment":[{"href":"https:\/\/zbt.de\/en\/wp-json\/wp\/v2\/media?parent=8479"}],"curies":[{"name":"wp","href":"https:\/\/api.w.org\/{rel}","templated":true}]}}