{"id":11403,"date":"2025-07-03T11:56:45","date_gmt":"2025-07-03T11:56:45","guid":{"rendered":"https:\/\/prod.zbt.compositas.io\/?page_id=11403"},"modified":"2026-03-04T13:09:07","modified_gmt":"2026-03-04T13:09:07","slug":"publications-dissertations-and-books","status":"publish","type":"page","link":"https:\/\/zbt.de\/en\/latest-news\/publications\/publications-dissertations-and-books\/","title":{"rendered":"Publications: Dissertations and books"},"content":{"rendered":"<section class=\"intro\">\n    <figure class=\"intro__figure\">\n                              <img loading=\"lazy\" decoding=\"async\" width=\"400\" height=\"1200\" src=\"https:\/\/zbt.de\/app\/uploads\/2025\/02\/blau_400x1200.png\" class=\"intro__image\" alt=\"Graphic element featuring white line art on a blue background\" srcset=\"https:\/\/zbt.de\/app\/uploads\/2025\/02\/blau_400x1200.png 400w, https:\/\/zbt.de\/app\/uploads\/2025\/02\/blau_400x1200-100x300.png 100w, https:\/\/zbt.de\/app\/uploads\/2025\/02\/blau_400x1200-341x1024.png 341w\" sizes=\"auto, (max-width: 400px) 100vw, 400px\" \/>\n        <div class=\"intro__overlay intro__overlay--transparent\">\n                    <\/div>\n            <\/figure>\n    <div class=\"intro__content\">\n        <h1 class=\"intro__heading\">Dissertations and books<\/h1>\n        <h4 class=\"intro__subheading\">Dissertations and books by ZBT staff members<\/h4>\n        <div class=\"intro__text\"><\/div>\n            <\/div>\n<\/section>\n\n\n<section class=\"text-teaser text-teaser--white\">\n  <h2 class=\"text-teaser__heading\">Dissertations<\/h2>\n  <div class=\"text-teaser__text\"><p>S. D. Hirt<br \/>\n<a href=\"https:\/\/doi.org\/10.17185\/duepublico\/84808\" target=\"_blank\" rel=\"noopener\"><em>Towards Enhanced Cycling Stability of Lithium-Sulfur Batteries: Lithium Sulfide Cathodes and Coated Separators<\/em><\/a><br \/>\nUniversit\u00e4t Duisburg-Essen, Fakult\u00e4t f\u00fcr Ingenieurwissenschaften, Abteilung Maschinenbau und Verfahrenstechnik, 19.01.2026<\/p>\n<p>S. Gorelkov<br \/>\n<a class=\"external-link-new-window\" title=\"Opens external link in new window\" href=\"https:\/\/www.doi.org\/10.17185\/duepublico\/78356\" target=\"_blank\" rel=\"noopener\" data-htmlarea-external=\"1\"><em>Einfl\u00fcsse der zyklischen Frost-Tau-Wechselbelastung auf die Membran-Elektroden-Einheit in PEM-Brennstoffzellen<\/em><\/a><br \/>\nUniversit\u00e4t Duisburg-Essen, Fakult\u00e4t f\u00fcr Ingenieurwissenschaften, Abteilung Maschinenbau und Verfahrenstechnik, 28.02.2023<br \/>\nhttps:\/\/nbn-resolving.org\/urn:nbn:de:hbz:465-20230428-141003-8<\/p>\n<p>M. Grundler<br \/>\n<i><a class=\"external-link-new-window\" title=\"Opens external link in new window\" href=\"https:\/\/doi.org\/10.17185\/duepublico\/74586\" target=\"_blank\" rel=\"noopener\" data-htmlarea-external=\"1\">Optimierung der thermischen Leitf\u00e4higkeit hochgef\u00fcllter Graphit-Polymer-Compounds zur W\u00e4rmeableitung<\/a><\/i><br \/>\nDissertation Universit\u00e4t Duisburg-Essen, Fakult\u00e4t f\u00fcr Ingenieurwissenschaften, Abteilung Maschinenbau und Verfahrenstechnik, 15.07.2021<br \/>\nhttps:\/\/nbn-resolving.org\/urn:nbn:de:hbz:464-20210805-134101-5<\/p>\n<p>S. G\u00f6\u00dfling<i><br \/>\n2-D + 1-D ortsaufgel\u00f6ste Modellierung von PEM-Brennstoffzellen<br \/>\n<\/i>Dissertation Universit\u00e4t Duisburg-<i>Essen <\/i>2019<i>, <\/i>154 Seiten, ISBN<i> <\/i><a href=\"https:\/\/www.dr.hut-verlag.de\/978-3-8439-4032-0.html\" target=\"_blank\" rel=\"noopener\" data-htmlarea-external=\"1\">978-3-8439-4032-0<\/a>, Reihe <a href=\"https:\/\/www.dr.hut-verlag.de\/titelEnergietechnik.html\" target=\"_blank\" rel=\"noopener\" data-htmlarea-external=\"1\">Energietechnik<\/a><\/p>\n<p>U. Misz<a class=\"external-link-new-window\" title=\"Opens external link in new window\" href=\"http:\/\/duepublico.uni-duisburg-essen.de\/servlets\/DocumentServlet?id=45361\" target=\"_blank\" rel=\"noopener\" data-htmlarea-external=\"1\"><i><br \/>\nAuswirkungen, Sch\u00e4digungscharakteristik und Regenerationspotential von verkehrsbedingten Stickoxidemissionen bei PEM-Brennstoffzellen unter variablen Betriebsbedingungen<\/i><br \/>\n<\/a>Dissertation an der Universit\u00e4t Duisburg-Essen, <a class=\"external-link-new-window\" title=\"Opens external link in new window\" href=\"https:\/\/nbn-resolving.org\/urn\/resolver.pl?urn=urn:nbn:de:hbz:464-20180208-075453-5\" target=\"_blank\" rel=\"noopener\" data-htmlarea-external=\"1\">urn:nbn:de:hbz:464-20180208-075453-5<\/a><\/p>\n<p>E.Firat<i><a class=\"external-link-new-window\" title=\"Opens external link in new window\" href=\"https:\/\/cuvillier.de\/de\/shop\/publications\/7247-mechanical-analysis-of-pem-fuel-cell-stack-design\" target=\"_blank\" rel=\"noopener\" data-htmlarea-external=\"1\"><br \/>\nMechanical Analysis of PEM Fuel Cell Stack Design<\/a><\/i><br \/>\nCuvillier Verlag G\u00f6ttingen, ISBN 9783736992573, 130S, 2016, Dissertation<\/p>\n<p>C. Siegel<i><a class=\"external-link-new-window\" title=\"Opens external link in new window\" href=\"http:\/\/www.logos-verlag.de\/cgi-bin\/engbuchmid?isbn=3917&amp;lng=deu&amp;id\" target=\"_blank\" rel=\"noopener\" data-htmlarea-external=\"1\"><br \/>\nHigh temperature polymer electrolyte membrane fuel cells. Modeling, simulation, and segmented measurements<\/a><\/i><br \/>\nLogos Verlag, ISBN 978-3-8325-3917-7, 180 Seiten, Erscheinungsjahr: 2015<\/p>\n<p>S. Wennig<i><a class=\"external-link-new-window\" title=\"\u00d6ffnet die Seite '' in diesem Fenster\" href=\"http:\/\/duepublico.uni-duisburg-essen.de\/servlets\/DocumentServlet?id=37321\" target=\"_blank\" rel=\"noopener\" data-htmlarea-external=\"1\"><br \/>\nUntersuchung der Struktur-Eigenschafts-Beziehung von Elektroden f\u00fcr Lithium-Ionen-Batterien in Abh\u00e4ngigkeit des Stromabnehmers, des Binders und der Verdichtung sowie die Bewertung einer ionischen Fl\u00fcssigkeit als Elektrolyt<\/a><\/i><br \/>\nDissertation an der Universit\u00e4t Duisburg-Essen, <a href=\"http:\/\/nbn-resolving.de\/urn\/resolver.pl?urn=urn:nbn:de:hbz:464-20150304-103448-8\" target=\"_blank\" rel=\"noopener\" data-htmlarea-external=\"1\">urn:nbn:de:hbz:464-20150304-103448-8<\/a><\/p>\n<p>T. Derieth<i><a title=\"Opens external link in new window\" href=\"http:\/\/www.shaker.de\/de\/content\/catalogue\/index.asp?lang=de&amp;ID=8&amp;ISBN=978-3-8440-2517-0\" target=\"_blank\" rel=\"noopener\" data-htmlarea-external=\"1\"><br \/>\nErweiterte Betrachtung des Perkolationsverhaltens elektrisch leitf\u00e4higer Compounds f\u00fcr Bipolarplatten in PEM-Brennstoffzellen<\/a><\/i><br \/>\nDissertation an der Universit\u00e4t Duisburg-Essen, Shaker Verlag, Aachen, Februar 2014, ISBN 978-3-8440-2517-0<\/p>\n<p>G. Bandlamudi<i><a href=\"http:\/\/www.logos-verlag.de\/cgi-bin\/engbuchmid?isbn=2962&amp;lng=deu&amp;id=\" target=\"_blank\" rel=\"noopener\" data-htmlarea-external=\"1\"><br \/>\nSystematic characterization of HT PEMFCs Containing PBI\/H3PO4 systems. Thermodynamic analysis and Experimental investigations<\/a><\/i><br \/>\nDissertation an der Universit\u00e4t Duisburg-Essen, 190 Seiten, Logos Verlag, Berlin, 2011, ISBN 978-3-8325-2962-8<\/p>\n<p>U. Gardemann<i><a title=\"\u00d6ffnet die Seite '' in diesem Fenster\" href=\"http:\/\/duepublico.uni-duisburg-essen.de\/servlets\/DocumentServlet?id=23906\" target=\"_blank\" rel=\"noopener\" data-htmlarea-external=\"1\"><br \/>\nUntersuchungen zur W\u00e4rmeversorgung eines Erdgas-Dampf-Reformers kleiner Leistung<\/a><\/i><br \/>\nDissertation, 2011, Uni-Duisburg-Essen, <a class=\"external-link-new-window\" title=\"Opens external link in new window\" href=\"https:\/\/nbn-resolving.org\/urn\/resolver.pl?urn=urn:nbn:de:hbz:464-20110207-111225-6\" target=\"_blank\" rel=\"noopener\" data-htmlarea-external=\"1\">urn:nbn:de:hbz:464-20110207-111225-6<\/a><\/p>\n<p><a href=\"http:\/\/www.logos-verlag.de\/cgi-bin\/engbuchmid?isbn=1979&amp;lng=deu&amp;id=\" target=\"_blank\" rel=\"noopener\" data-htmlarea-external=\"1\">C. Spitta<\/a><i><a href=\"http:\/\/www.logos-verlag.de\/cgi-bin\/engbuchmid?isbn=1979&amp;lng=deu&amp;id=\" target=\"_blank\" rel=\"noopener\" data-htmlarea-external=\"1\"><br \/>\nReformer-Module f\u00fcr Brennstoffzellen-APUs im kleinen Leistungsbereich<\/a><\/i><br \/>\nDissertation an der Universit\u00e4t Duisburg-Essen, Logos Verlag, Berlin, 2008, ISBN 978-3-8325-1979-7<br \/>\n<a title=\"\u00d6ffnet die Seite '' in diesem Fenster\" href=\"http:\/\/duepublico.uni-duisburg-essen.de\/servlets\/DocumentServlet?id=18411\" target=\"_blank\" rel=\"noopener\" data-htmlarea-external=\"1\"><br \/>\nC. Kreuz<i><br \/>\n<\/i><\/a><a class=\"external-link-new-window\" title=\"\u00d6ffnet die Seite '' in diesem Fenster\" href=\"https:\/\/d-nb.info\/989681610\/34\" target=\"_blank\" rel=\"noopener\" data-htmlarea-external=\"1\"><i>PEM-Brennstoffzellen mit spritzgegossenen Bipolarplatten aus hochgef\u00fclltem Graphit-Compound<\/i><\/a><br \/>\nDissertation, 2008, Uni-Duisburg-Essen<\/p>\n<p><a href=\"http:\/\/www.ub.uni-duisburg.de\/ETD-db\/theses\/available\/duett-06292006-132903\/unrestricted\/Niemzig_Diss.pdf\" target=\"_blank\" rel=\"noopener\" data-htmlarea-external=\"1\">O. Niemzig<\/a><i><a href=\"http:\/\/www.ub.uni-duisburg.de\/ETD-db\/theses\/available\/duett-06292006-132903\/unrestricted\/Niemzig_Diss.pdf\" data-htmlarea-external=\"1\"><br \/>\n<\/a><\/i><i><a class=\"external-link-new-window\" title=\"Opens external link in new window\" href=\"https:\/\/d-nb.info\/980954177\/34\" target=\"_blank\" rel=\"noopener\" data-htmlarea-external=\"1\">Entwicklung eines portablen PEM-Brennstoffzellensystems mit Bipolarplatten aus einem elektronisch leitf\u00e4higen thermoplastischen Compound-Material<\/a><\/i><br \/>\nDissertation, 2006, Uni-Duisburg-Essen<\/p>\n<p>W. Benz<i><a href=\"http:\/\/www.ub.uni-duisburg.de\/ETD-db\/theses\/available\/duett-09192005-102928\/\" target=\"_blank\" rel=\"noopener\" data-htmlarea-external=\"1\"><br \/>\nEinfluss von Schwefelverbindungen in fl\u00fcssigen Kohlenwasserstoffen auf ein Brennstoffzellen-Gesamtsystem am Beispiel eines Katalytischen Crackers mit nachgeschalteter PEMFC<\/a><\/i><br \/>\nDissertation, 2005, Uni-Duisburg-Essen, <a title=\"urn:nbn:de:hbz:464-20061013-183753-4\" href=\"https:\/\/nbn-resolving.org\/urn:nbn:de:hbz:464-20061013-183753-4\" target=\"_blank\" rel=\"noopener\" data-htmlarea-external=\"1\">urn:nbn:de:hbz:464-20061013-183753-4<\/a><\/p>\n<p>T. Rampe<i><a href=\"http:\/\/miless.uni-essen.de\/dissOnline\/fb12\/2004\/rampe.thomas%20\" target=\"_blank\" rel=\"noopener\" data-htmlarea-external=\"1\"><br \/>\nEntwicklung eines Bioethanol-Dampfreformers zur Erzeugung von Wasserstoff f\u00fcr den Einsatz in einem PEM-Brennstoffzellen-BHKW<\/a><\/i><br \/>\nDissertation, 2004, Uni-Duisburg-Essen, <a title=\"urn:nbn:de:hbz:465-miless-011402-2\" href=\"https:\/\/nbn-resolving.org\/urn:nbn:de:hbz:465-miless-011402-2\" target=\"_blank\" rel=\"noopener\" data-htmlarea-external=\"1\">urn:nbn:de:hbz:465-miless-011402-2<\/a><\/p>\n<p>J. Mathiak<i><br \/>\nVerfahrensanalyse zur dezentralen Hausenergieversorgung auf Basis von PEM-Brennnstoffzellen<\/i><br \/>\nDissertation, Februar 2003,\u00a0<a href=\"http:\/\/www.logos-verlag.de\/\" target=\"_blank\" rel=\"noopener\" data-htmlarea-external=\"1\">Logos-Verlag Berlin<\/a>, ISBN: <a class=\"external-link-new-window\" title=\"Opens external link in new window\" href=\"https:\/\/www.logos-verlag.de\/cgi-bin\/engbuchmid?isbn=0191&amp;lng=deu&amp;id=\" target=\"_blank\" rel=\"noopener\" data-htmlarea-external=\"1\">978-3-8325-0191-4<\/a><\/p>\n<p>P. Beckhaus<i><br \/>\n<a href=\"https:\/\/zbt.de\/app\/uploads\/2025\/07\/dissertation-peter-beckhaus.pdf\" target=\"_blank\" rel=\"noopener\">Simulation und Anlagenmanagement f\u00fcr dezentrale Energieversorgungssysteme<\/a><\/i><br \/>\nDissertation, August 2002, Logos-Verlag Berlin, ISBN: 3-89722-992-7<\/p>\n<\/div>\n<\/section>\n\n\n<section class=\"text-teaser text-teaser--white\">\n  <h2 class=\"text-teaser__heading\">Books<\/h2>\n  <div class=\"text-teaser__text\"><p>A. Heinzel, F. Mahlendorf, J. Roes<i><a title=\"\u00d6ffnet die Seite 'Literatur' in diesem Fenster\" href=\"https:\/\/zbt.de\/?id=103\" target=\"_blank\" rel=\"noopener\"><br \/>\nBrennstoffzellen. Entwicklung, Technologie, Anwendung<\/a><\/i><br \/>\nC.F. M\u00fcller Verlag, ISBN 3-7880-7741-7<\/p>\n<\/div>\n<\/section>\n","protected":false},"excerpt":{"rendered":"","protected":false},"author":7,"featured_media":0,"parent":7056,"menu_order":0,"comment_status":"closed","ping_status":"closed","template":"","meta":{"_acf_changed":false,"inline_featured_image":false,"footnotes":""},"class_list":["post-11403","page","type-page","status-publish","hentry"],"acf":[],"yoast_head":"<!-- This site is optimized with the Yoast SEO plugin v24.3 - https:\/\/yoast.com\/wordpress\/plugins\/seo\/ -->\n<title>Publications: Dissertations and books - Zentrum f\u00fcr BrennstoffzellenTechnik GmbH<\/title>\n<meta name=\"robots\" content=\"index, follow, max-snippet:-1, max-image-preview:large, max-video-preview:-1\" \/>\n<link rel=\"canonical\" href=\"https:\/\/zbt.de\/en\/latest-news\/publications\/publications-dissertations-and-books\/\" \/>\n<meta property=\"og:locale\" content=\"en_GB\" \/>\n<meta property=\"og:type\" content=\"article\" \/>\n<meta property=\"og:title\" content=\"Publications: Dissertations and books - Zentrum f\u00fcr BrennstoffzellenTechnik GmbH\" \/>\n<meta property=\"og:url\" content=\"https:\/\/zbt.de\/en\/latest-news\/publications\/publications-dissertations-and-books\/\" \/>\n<meta property=\"og:site_name\" content=\"Zentrum f\u00fcr BrennstoffzellenTechnik GmbH\" \/>\n<meta property=\"article:modified_time\" content=\"2026-03-04T13:09:07+00:00\" \/>\n<meta name=\"twitter:card\" content=\"summary_large_image\" \/>\n<meta name=\"twitter:label1\" content=\"Est. reading time\" \/>\n\t<meta name=\"twitter:data1\" content=\"3 minutes\" \/>\n<script type=\"application\/ld+json\" class=\"yoast-schema-graph\">{\"@context\":\"https:\/\/schema.org\",\"@graph\":[{\"@type\":\"WebPage\",\"@id\":\"https:\/\/zbt.de\/en\/latest-news\/publications\/publications-dissertations-and-books\/\",\"url\":\"https:\/\/zbt.de\/en\/latest-news\/publications\/publications-dissertations-and-books\/\",\"name\":\"Publications: Dissertations and books - Zentrum f\u00fcr BrennstoffzellenTechnik GmbH\",\"isPartOf\":{\"@id\":\"https:\/\/zbt.de\/#website\"},\"datePublished\":\"2025-07-03T11:56:45+00:00\",\"dateModified\":\"2026-03-04T13:09:07+00:00\",\"breadcrumb\":{\"@id\":\"https:\/\/zbt.de\/en\/latest-news\/publications\/publications-dissertations-and-books\/#breadcrumb\"},\"inLanguage\":\"en-GB\",\"potentialAction\":[{\"@type\":\"ReadAction\",\"target\":[\"https:\/\/zbt.de\/en\/latest-news\/publications\/publications-dissertations-and-books\/\"]}]},{\"@type\":\"BreadcrumbList\",\"@id\":\"https:\/\/zbt.de\/en\/latest-news\/publications\/publications-dissertations-and-books\/#breadcrumb\",\"itemListElement\":[{\"@type\":\"ListItem\",\"position\":1,\"name\":\"Home\",\"item\":\"https:\/\/zbt.de\/en\/\"},{\"@type\":\"ListItem\",\"position\":2,\"name\":\"News\",\"item\":\"https:\/\/zbt.de\/en\/latest-news\/\"},{\"@type\":\"ListItem\",\"position\":3,\"name\":\"Publications\",\"item\":\"https:\/\/zbt.de\/en\/latest-news\/publications\/\"},{\"@type\":\"ListItem\",\"position\":4,\"name\":\"Publications: Dissertations and books\"}]},{\"@type\":\"WebSite\",\"@id\":\"https:\/\/zbt.de\/#website\",\"url\":\"https:\/\/zbt.de\/\",\"name\":\"Zentrum f\u00fcr BrennstoffzellenTechnik GmbH\",\"description\":\"\",\"potentialAction\":[{\"@type\":\"SearchAction\",\"target\":{\"@type\":\"EntryPoint\",\"urlTemplate\":\"https:\/\/zbt.de\/?s={search_term_string}\"},\"query-input\":{\"@type\":\"PropertyValueSpecification\",\"valueRequired\":true,\"valueName\":\"search_term_string\"}}],\"inLanguage\":\"en-GB\"}]}<\/script>\n<!-- \/ Yoast SEO plugin. -->","yoast_head_json":{"title":"Publications: Dissertations and books - Zentrum f\u00fcr BrennstoffzellenTechnik GmbH","robots":{"index":"index","follow":"follow","max-snippet":"max-snippet:-1","max-image-preview":"max-image-preview:large","max-video-preview":"max-video-preview:-1"},"canonical":"https:\/\/zbt.de\/en\/latest-news\/publications\/publications-dissertations-and-books\/","og_locale":"en_GB","og_type":"article","og_title":"Publications: Dissertations and books - Zentrum f\u00fcr BrennstoffzellenTechnik GmbH","og_url":"https:\/\/zbt.de\/en\/latest-news\/publications\/publications-dissertations-and-books\/","og_site_name":"Zentrum f\u00fcr BrennstoffzellenTechnik GmbH","article_modified_time":"2026-03-04T13:09:07+00:00","twitter_card":"summary_large_image","twitter_misc":{"Est. reading time":"3 minutes"},"schema":{"@context":"https:\/\/schema.org","@graph":[{"@type":"WebPage","@id":"https:\/\/zbt.de\/en\/latest-news\/publications\/publications-dissertations-and-books\/","url":"https:\/\/zbt.de\/en\/latest-news\/publications\/publications-dissertations-and-books\/","name":"Publications: Dissertations and books - Zentrum f\u00fcr BrennstoffzellenTechnik GmbH","isPartOf":{"@id":"https:\/\/zbt.de\/#website"},"datePublished":"2025-07-03T11:56:45+00:00","dateModified":"2026-03-04T13:09:07+00:00","breadcrumb":{"@id":"https:\/\/zbt.de\/en\/latest-news\/publications\/publications-dissertations-and-books\/#breadcrumb"},"inLanguage":"en-GB","potentialAction":[{"@type":"ReadAction","target":["https:\/\/zbt.de\/en\/latest-news\/publications\/publications-dissertations-and-books\/"]}]},{"@type":"BreadcrumbList","@id":"https:\/\/zbt.de\/en\/latest-news\/publications\/publications-dissertations-and-books\/#breadcrumb","itemListElement":[{"@type":"ListItem","position":1,"name":"Home","item":"https:\/\/zbt.de\/en\/"},{"@type":"ListItem","position":2,"name":"News","item":"https:\/\/zbt.de\/en\/latest-news\/"},{"@type":"ListItem","position":3,"name":"Publications","item":"https:\/\/zbt.de\/en\/latest-news\/publications\/"},{"@type":"ListItem","position":4,"name":"Publications: Dissertations and books"}]},{"@type":"WebSite","@id":"https:\/\/zbt.de\/#website","url":"https:\/\/zbt.de\/","name":"Zentrum f\u00fcr BrennstoffzellenTechnik GmbH","description":"","potentialAction":[{"@type":"SearchAction","target":{"@type":"EntryPoint","urlTemplate":"https:\/\/zbt.de\/?s={search_term_string}"},"query-input":{"@type":"PropertyValueSpecification","valueRequired":true,"valueName":"search_term_string"}}],"inLanguage":"en-GB"}]}},"_links":{"self":[{"href":"https:\/\/zbt.de\/en\/wp-json\/wp\/v2\/pages\/11403","targetHints":{"allow":["GET"]}}],"collection":[{"href":"https:\/\/zbt.de\/en\/wp-json\/wp\/v2\/pages"}],"about":[{"href":"https:\/\/zbt.de\/en\/wp-json\/wp\/v2\/types\/page"}],"author":[{"embeddable":true,"href":"https:\/\/zbt.de\/en\/wp-json\/wp\/v2\/users\/7"}],"replies":[{"embeddable":true,"href":"https:\/\/zbt.de\/en\/wp-json\/wp\/v2\/comments?post=11403"}],"version-history":[{"count":3,"href":"https:\/\/zbt.de\/en\/wp-json\/wp\/v2\/pages\/11403\/revisions"}],"predecessor-version":[{"id":14500,"href":"https:\/\/zbt.de\/en\/wp-json\/wp\/v2\/pages\/11403\/revisions\/14500"}],"up":[{"embeddable":true,"href":"https:\/\/zbt.de\/en\/wp-json\/wp\/v2\/pages\/7056"}],"wp:attachment":[{"href":"https:\/\/zbt.de\/en\/wp-json\/wp\/v2\/media?parent=11403"}],"curies":[{"name":"wp","href":"https:\/\/api.w.org\/{rel}","templated":true}]}}